{"id":837,"date":"2018-03-13T07:23:27","date_gmt":"2018-03-13T07:23:27","guid":{"rendered":"https:\/\/minf.gymgmunden.at\/?page_id=837"},"modified":"2020-12-02T14:11:21","modified_gmt":"2020-12-02T14:11:21","slug":"fotografie","status":"publish","type":"page","link":"https:\/\/minf.gymgmunden.at\/?page_id=837","title":{"rendered":"Fotografie"},"content":{"rendered":"<p>Schnell das Handy z\u00fccken und ein Foto machen &#8230; so schnell gehts. F\u00fcr private Zwecke reicht die Qualit\u00e4t meist aus.<\/p>\n<p>Professionelle Fotografen abeiten mit <strong>Spielreflexkameras<\/strong>. Diese haben gegen\u00fcber Handy- und Kompaktkameras den Vorteil der manuellen Einstellung von ISO-Wert, Blende und Verschlusszeit. Damit k\u00f6nnen professionellere Fotos geschossen werden. Im zuge eines <strong>Workshops<\/strong> mit einem professionellen Fotografen wirst du darin eingeschult und wirst die M\u00f6glichkeit haben selbst mit einer Spiegelreflexkamera zu arbeiten.<\/p>\n<p>Auch wirst du lernen, Bildfehler wie Farbstich, fehlenden Kontrast zu beheben und andere Korrekturen vorzunehmen, damit dein Foto noch mehr strahlt.<\/p>\n<p>Schau doch mal auf unserer Webseite <a href=\"https:\/\/fotographie.gymgmunden.at\/\">fotographie.gymgmunden.at<\/a> vorbei &#8230; da kannst du die tollen Fotos bewundern.<\/p>\n","protected":false},"excerpt":{"rendered":"<p>Schnell das Handy z\u00fccken und ein Foto machen &#8230; so schnell gehts. F\u00fcr private Zwecke reicht die Qualit\u00e4t meist aus. Professionelle Fotografen abeiten mit Spielreflexkameras. Diese haben gegen\u00fcber Handy- und [&hellip;]<\/p>\n","protected":false},"author":3,"featured_media":0,"parent":0,"menu_order":0,"comment_status":"closed","ping_status":"closed","template":"","meta":{"footnotes":""},"class_list":["post-837","page","type-page","status-publish","hentry"],"_links":{"self":[{"href":"https:\/\/minf.gymgmunden.at\/index.php?rest_route=\/wp\/v2\/pages\/837","targetHints":{"allow":["GET"]}}],"collection":[{"href":"https:\/\/minf.gymgmunden.at\/index.php?rest_route=\/wp\/v2\/pages"}],"about":[{"href":"https:\/\/minf.gymgmunden.at\/index.php?rest_route=\/wp\/v2\/types\/page"}],"author":[{"embeddable":true,"href":"https:\/\/minf.gymgmunden.at\/index.php?rest_route=\/wp\/v2\/users\/3"}],"replies":[{"embeddable":true,"href":"https:\/\/minf.gymgmunden.at\/index.php?rest_route=%2Fwp%2Fv2%2Fcomments&post=837"}],"version-history":[{"count":2,"href":"https:\/\/minf.gymgmunden.at\/index.php?rest_route=\/wp\/v2\/pages\/837\/revisions"}],"predecessor-version":[{"id":2016,"href":"https:\/\/minf.gymgmunden.at\/index.php?rest_route=\/wp\/v2\/pages\/837\/revisions\/2016"}],"wp:attachment":[{"href":"https:\/\/minf.gymgmunden.at\/index.php?rest_route=%2Fwp%2Fv2%2Fmedia&parent=837"}],"curies":[{"name":"wp","href":"https:\/\/api.w.org\/{rel}","templated":true}]}}