{"id":8,"date":"2015-01-11T17:40:06","date_gmt":"2015-01-11T17:40:06","guid":{"rendered":"https:\/\/minf.gymgmunden.at\/?page_id=8"},"modified":"2015-01-11T18:07:44","modified_gmt":"2015-01-11T18:07:44","slug":"6-klasse","status":"publish","type":"page","link":"https:\/\/minf.gymgmunden.at\/?page_id=8","title":{"rendered":"6. Klasse"},"content":{"rendered":"<p><strong>Videofilmen \/ Videoschnitt<\/strong><\/p>\n<p>Im ersten Projekt des ersten Semesters geht es darum, professionelle Filmaufnahmen zu erstellen. Dazu werden die daf\u00fcr notwendigen Grundlagen erlernt in Anlehnung an die Ausbildung von Videojournalisten. Damit sollten die Sch\u00fclerInnen f\u00e4hig sein, und verschiedensten Umst\u00e4nden gutes Videomaterial produzieren zu k\u00f6nnen.<\/p>\n<p>Dieses Rohmaterial wird anschlie\u00dfend mit Blender geschnitten. Auch hiezu wurden die Grundlagen anhand einer &#8222;Tischfu\u00dfball&#8220;-Szene erlernt. Abschlie\u00dfend mussten die TeilnehmerInnen des Wahlpflichtfaches einen kurzen Werbeclip ihrer Wahl produzieren.<\/p>\n<p><strong>Grafik und Gestaltung<\/strong><\/p>\n<p>In Anlehnung an die Fachliteratur &#8222;Grafik und Gestaltung&#8220; (W\u00e4ger, 2. Aufl., 2014, Galileo Press) wird grundlegendes Wissen \u00fcber diese Themen vermittelt. Dabei sind Gesetze der Wahrnehmung, Wirkung von Formen und Farben, Gestaltung von Bildern ebenso Themen das Anwenden von Gestaltungsrastern, Erstellen von Corporate Design und Typographie. Au\u00dferdem werden die Voraussetzungen f\u00fcr die \u00dcbergabe von Daten an Druckereien erlernt.<\/p>\n<p><strong>Fotographie\/DTP<\/strong><\/p>\n<p>Gleichzeitig zum vorigen Thema absolvieren die TeilnehmerInnen einen dreiteiligen Workshop zu den Themen Fotographie und Desktop Publishing. Dank der Bereitschaft von Fotograph Herrn Kochem (<a title=\"Webseite von Fotograph Hr. Kochem\" href=\"www.kochem.at\" target=\"_blank\">www.kochem.at<\/a>) wird es den Sch\u00fclerInnen erm\u00f6glicht, mit einem Professionalisten zu shooten.<\/p>\n","protected":false},"excerpt":{"rendered":"<p>Videofilmen \/ Videoschnitt Im ersten Projekt des ersten Semesters geht es darum, professionelle Filmaufnahmen zu erstellen. Dazu werden die daf\u00fcr notwendigen Grundlagen erlernt in Anlehnung an die Ausbildung von Videojournalisten. [&hellip;]<\/p>\n","protected":false},"author":1,"featured_media":0,"parent":0,"menu_order":0,"comment_status":"closed","ping_status":"closed","template":"","meta":{"footnotes":""},"class_list":["post-8","page","type-page","status-publish","hentry"],"_links":{"self":[{"href":"https:\/\/minf.gymgmunden.at\/index.php?rest_route=\/wp\/v2\/pages\/8","targetHints":{"allow":["GET"]}}],"collection":[{"href":"https:\/\/minf.gymgmunden.at\/index.php?rest_route=\/wp\/v2\/pages"}],"about":[{"href":"https:\/\/minf.gymgmunden.at\/index.php?rest_route=\/wp\/v2\/types\/page"}],"author":[{"embeddable":true,"href":"https:\/\/minf.gymgmunden.at\/index.php?rest_route=\/wp\/v2\/users\/1"}],"replies":[{"embeddable":true,"href":"https:\/\/minf.gymgmunden.at\/index.php?rest_route=%2Fwp%2Fv2%2Fcomments&post=8"}],"version-history":[{"count":1,"href":"https:\/\/minf.gymgmunden.at\/index.php?rest_route=\/wp\/v2\/pages\/8\/revisions"}],"predecessor-version":[{"id":9,"href":"https:\/\/minf.gymgmunden.at\/index.php?rest_route=\/wp\/v2\/pages\/8\/revisions\/9"}],"wp:attachment":[{"href":"https:\/\/minf.gymgmunden.at\/index.php?rest_route=%2Fwp%2Fv2%2Fmedia&parent=8"}],"curies":[{"name":"wp","href":"https:\/\/api.w.org\/{rel}","templated":true}]}}