{"id":659,"date":"2017-06-18T15:52:00","date_gmt":"2017-06-18T15:52:00","guid":{"rendered":"https:\/\/minf.gymgmunden.at\/?page_id=659"},"modified":"2017-06-19T10:41:48","modified_gmt":"2017-06-19T10:41:48","slug":"handyfotografie","status":"publish","type":"page","link":"https:\/\/minf.gymgmunden.at\/?page_id=659","title":{"rendered":"Handyfotografie"},"content":{"rendered":"<p>&nbsp;<\/p>\n<p>Wie bekomme ich ein perfektes Selfie hin? Wie mache ich sch\u00f6ne Fotos mit dem Handy? Hier sind ein paar Tipps um sch\u00f6ne Aufnahmen mit dem Handy hinzubekommen \ud83d\ude42<\/p>\n<p>1)Die Belichtung:<\/p>\n<ul>\n<li>Nicht gegen das Licht fotografieren<\/li>\n<\/ul>\n<p><a href=\"https:\/\/minf.gymgmunden.at\/wp-content\/uploads\/2017\/06\/IMG_0901.jpg\"><img loading=\"lazy\" decoding=\"async\" class=\"size-medium wp-image-660 aligncenter\" src=\"https:\/\/minf.gymgmunden.at\/wp-content\/uploads\/2017\/06\/IMG_0901-300x225.jpg\" alt=\"\" width=\"300\" height=\"225\" srcset=\"https:\/\/minf.gymgmunden.at\/wp-content\/uploads\/2017\/06\/IMG_0901-300x225.jpg 300w, https:\/\/minf.gymgmunden.at\/wp-content\/uploads\/2017\/06\/IMG_0901-768x576.jpg 768w, https:\/\/minf.gymgmunden.at\/wp-content\/uploads\/2017\/06\/IMG_0901-1024x768.jpg 1024w, https:\/\/minf.gymgmunden.at\/wp-content\/uploads\/2017\/06\/IMG_0901.jpg 1400w\" sizes=\"auto, (max-width: 300px) 100vw, 300px\" \/><\/a><\/p>\n<p>2) Zoomen:<\/p>\n<ul>\n<li>Zooomen wenn m\u00f6glich vermeiden, denn das kann schnell zu Verpixelung der Bilder f\u00fchren<\/li>\n<li>Besser ist selber n\u00e4her an das Objekt heranzugehen<\/li>\n<\/ul>\n<p><a href=\"https:\/\/minf.gymgmunden.at\/wp-content\/uploads\/2017\/06\/IMG_1228-e1497800743742.jpg\"><img loading=\"lazy\" decoding=\"async\" class=\"wp-image-661 size-medium aligncenter\" src=\"https:\/\/minf.gymgmunden.at\/wp-content\/uploads\/2017\/06\/IMG_1228-e1497800743742-225x300.jpg\" alt=\"\" width=\"225\" height=\"300\" srcset=\"https:\/\/minf.gymgmunden.at\/wp-content\/uploads\/2017\/06\/IMG_1228-e1497800743742-225x300.jpg 225w, https:\/\/minf.gymgmunden.at\/wp-content\/uploads\/2017\/06\/IMG_1228-e1497800743742-768x1025.jpg 768w, https:\/\/minf.gymgmunden.at\/wp-content\/uploads\/2017\/06\/IMG_1228-e1497800743742-767x1024.jpg 767w, https:\/\/minf.gymgmunden.at\/wp-content\/uploads\/2017\/06\/IMG_1228-e1497800743742.jpg 1049w\" sizes=\"auto, (max-width: 225px) 100vw, 225px\" \/><\/a><\/p>\n<p>3) Ausrichtung:<\/p>\n<ul>\n<li>Da man sich ja auf einem Bild sich von der besten Seite zeigen will, ist es wichtig diese Tricks zu beachten:<\/li>\n<li>bei einem Ganzk\u00f6rperfoto m\u00f6glichst seitlich zur Kamera stehen und ein Bein abwinkeln, das l\u00e4sst einen d\u00fcnner erscheinen<\/li>\n<li>beim sitzen auch seitlich sitzen und ein Bein abwinkeln, dadurch erscheinen die Beine l\u00e4nger und man sieht d\u00fcnner aus<\/li>\n<\/ul>\n<p>Um ein paar Beispielfotos zu sehen haben wir ein Prezi erstellt:<\/p>\n<p><a href=\"https:\/\/prezi.com\/view\/IAyK5rf5piu8l8egD4NU\/\">https:\/\/prezi.com\/view\/IAyK5rf5piu8l8egD4NU\/<\/a><\/p>\n","protected":false},"excerpt":{"rendered":"<p>&nbsp; Wie bekomme ich ein perfektes Selfie hin? Wie mache ich sch\u00f6ne Fotos mit dem Handy? Hier sind ein paar Tipps um sch\u00f6ne Aufnahmen mit dem Handy hinzubekommen \ud83d\ude42 1)Die [&hellip;]<\/p>\n","protected":false},"author":1,"featured_media":0,"parent":0,"menu_order":0,"comment_status":"closed","ping_status":"closed","template":"","meta":{"footnotes":""},"class_list":["post-659","page","type-page","status-publish","hentry"],"_links":{"self":[{"href":"https:\/\/minf.gymgmunden.at\/index.php?rest_route=\/wp\/v2\/pages\/659","targetHints":{"allow":["GET"]}}],"collection":[{"href":"https:\/\/minf.gymgmunden.at\/index.php?rest_route=\/wp\/v2\/pages"}],"about":[{"href":"https:\/\/minf.gymgmunden.at\/index.php?rest_route=\/wp\/v2\/types\/page"}],"author":[{"embeddable":true,"href":"https:\/\/minf.gymgmunden.at\/index.php?rest_route=\/wp\/v2\/users\/1"}],"replies":[{"embeddable":true,"href":"https:\/\/minf.gymgmunden.at\/index.php?rest_route=%2Fwp%2Fv2%2Fcomments&post=659"}],"version-history":[{"count":3,"href":"https:\/\/minf.gymgmunden.at\/index.php?rest_route=\/wp\/v2\/pages\/659\/revisions"}],"predecessor-version":[{"id":694,"href":"https:\/\/minf.gymgmunden.at\/index.php?rest_route=\/wp\/v2\/pages\/659\/revisions\/694"}],"wp:attachment":[{"href":"https:\/\/minf.gymgmunden.at\/index.php?rest_route=%2Fwp%2Fv2%2Fmedia&parent=659"}],"curies":[{"name":"wp","href":"https:\/\/api.w.org\/{rel}","templated":true}]}}