{"id":580,"date":"2017-06-18T10:45:49","date_gmt":"2017-06-18T10:45:49","guid":{"rendered":"https:\/\/minf.gymgmunden.at\/?page_id=580"},"modified":"2017-06-19T10:00:24","modified_gmt":"2017-06-19T10:00:24","slug":"moviemaker-videos-zusammenschneiden","status":"publish","type":"page","link":"https:\/\/minf.gymgmunden.at\/?page_id=580","title":{"rendered":"MovieMaker &#8211; Videos zusammenschneiden"},"content":{"rendered":"<p>Movie Maker erm\u00f6glicht einen einfachen Videoschnitt.<br \/>\nMit ein paar Tricks schafft man schnell ein h\u00fcbsches Video.<\/p>\n<p>&nbsp;<\/p>\n<ol>\n<li>MovieMaker herunterladen <a href=\"http:\/\/www.chip.de\/downloads\/Windows-Movie-Maker_13007023.html\">Download<\/a><\/li>\n<\/ol>\n<p><a href=\"https:\/\/minf.gymgmunden.at\/wp-content\/uploads\/2017\/06\/chip.png\"><img loading=\"lazy\" decoding=\"async\" class=\"size-medium wp-image-594 alignleft\" src=\"https:\/\/minf.gymgmunden.at\/wp-content\/uploads\/2017\/06\/chip-300x174.png\" alt=\"\" width=\"300\" height=\"174\" srcset=\"https:\/\/minf.gymgmunden.at\/wp-content\/uploads\/2017\/06\/chip-300x174.png 300w, https:\/\/minf.gymgmunden.at\/wp-content\/uploads\/2017\/06\/chip-768x445.png 768w, https:\/\/minf.gymgmunden.at\/wp-content\/uploads\/2017\/06\/chip-1024x594.png 1024w, https:\/\/minf.gymgmunden.at\/wp-content\/uploads\/2017\/06\/chip.png 1197w\" sizes=\"auto, (max-width: 300px) 100vw, 300px\" \/><\/a><\/p>\n<p>&nbsp;<\/p>\n<p>&nbsp;<\/p>\n<p>&nbsp;<\/p>\n<p>&nbsp;<\/p>\n<p>2. MovieMaker \u00f6ffnen<\/p>\n<p><a href=\"https:\/\/minf.gymgmunden.at\/wp-content\/uploads\/2017\/06\/moviemaker.png\"><img loading=\"lazy\" decoding=\"async\" class=\"alignnone size-medium wp-image-595\" src=\"https:\/\/minf.gymgmunden.at\/wp-content\/uploads\/2017\/06\/moviemaker-300x161.png\" alt=\"\" width=\"300\" height=\"161\" srcset=\"https:\/\/minf.gymgmunden.at\/wp-content\/uploads\/2017\/06\/moviemaker-300x161.png 300w, https:\/\/minf.gymgmunden.at\/wp-content\/uploads\/2017\/06\/moviemaker-768x411.png 768w, https:\/\/minf.gymgmunden.at\/wp-content\/uploads\/2017\/06\/moviemaker-1024x548.png 1024w, https:\/\/minf.gymgmunden.at\/wp-content\/uploads\/2017\/06\/moviemaker.png 1366w\" sizes=\"auto, (max-width: 300px) 100vw, 300px\" \/><\/a><\/p>\n<p>&nbsp;<\/p>\n<p>3. Videos und Bilder oder schon begonnenes Projekt einf\u00fcgen<\/p>\n<p><a href=\"https:\/\/minf.gymgmunden.at\/wp-content\/uploads\/2017\/06\/einf\u00fcgen.png\"><img loading=\"lazy\" decoding=\"async\" class=\"alignnone size-full wp-image-597\" src=\"https:\/\/minf.gymgmunden.at\/wp-content\/uploads\/2017\/06\/einf\u00fcgen.png\" alt=\"\" width=\"200\" height=\"95\" \/><\/a><\/p>\n<p>&nbsp;<\/p>\n<p>4. Videovorschau<\/p>\n<p><a href=\"https:\/\/minf.gymgmunden.at\/wp-content\/uploads\/2017\/06\/vorschau-1.png\"><img loading=\"lazy\" decoding=\"async\" class=\"alignnone size-medium wp-image-600\" src=\"https:\/\/minf.gymgmunden.at\/wp-content\/uploads\/2017\/06\/vorschau-1-300x242.png\" alt=\"\" width=\"300\" height=\"242\" srcset=\"https:\/\/minf.gymgmunden.at\/wp-content\/uploads\/2017\/06\/vorschau-1-300x242.png 300w, https:\/\/minf.gymgmunden.at\/wp-content\/uploads\/2017\/06\/vorschau-1.png 486w\" sizes=\"auto, (max-width: 300px) 100vw, 300px\" \/><\/a><\/p>\n<p>&nbsp;<\/p>\n<p>5. Mehrere Videos einf\u00fcgen<\/p>\n<p><a href=\"https:\/\/minf.gymgmunden.at\/wp-content\/uploads\/2017\/06\/zusammen.png\"><img loading=\"lazy\" decoding=\"async\" class=\"alignnone size-medium wp-image-601\" src=\"https:\/\/minf.gymgmunden.at\/wp-content\/uploads\/2017\/06\/zusammen-300x86.png\" alt=\"\" width=\"300\" height=\"86\" srcset=\"https:\/\/minf.gymgmunden.at\/wp-content\/uploads\/2017\/06\/zusammen-300x86.png 300w, https:\/\/minf.gymgmunden.at\/wp-content\/uploads\/2017\/06\/zusammen-768x221.png 768w, https:\/\/minf.gymgmunden.at\/wp-content\/uploads\/2017\/06\/zusammen-1024x294.png 1024w, https:\/\/minf.gymgmunden.at\/wp-content\/uploads\/2017\/06\/zusammen.png 1292w\" sizes=\"auto, (max-width: 300px) 100vw, 300px\" \/><\/a><\/p>\n<p>6. Zusammenschneiden<\/p>\n<p><a href=\"https:\/\/minf.gymgmunden.at\/wp-content\/uploads\/2017\/06\/zuschneidewerkzeug.png\"><img loading=\"lazy\" decoding=\"async\" class=\"alignnone size-medium wp-image-629\" src=\"https:\/\/minf.gymgmunden.at\/wp-content\/uploads\/2017\/06\/zuschneidewerkzeug-292x300.png\" alt=\"\" width=\"292\" height=\"300\" srcset=\"https:\/\/minf.gymgmunden.at\/wp-content\/uploads\/2017\/06\/zuschneidewerkzeug-292x300.png 292w, https:\/\/minf.gymgmunden.at\/wp-content\/uploads\/2017\/06\/zuschneidewerkzeug.png 486w\" sizes=\"auto, (max-width: 292px) 100vw, 292px\" \/><\/a><\/p>\n<p>7. Mit Musik unterlegen<\/p>\n<p><a href=\"https:\/\/minf.gymgmunden.at\/wp-content\/uploads\/2017\/06\/musik.png\"><img loading=\"lazy\" decoding=\"async\" class=\"alignnone size-full wp-image-602\" src=\"https:\/\/minf.gymgmunden.at\/wp-content\/uploads\/2017\/06\/musik.png\" alt=\"\" width=\"83\" height=\"76\" \/><\/a><a href=\"https:\/\/minf.gymgmunden.at\/wp-content\/uploads\/2017\/06\/unterlegt.png\">\u00a0\u00a0 <img loading=\"lazy\" decoding=\"async\" class=\"alignnone size-medium wp-image-603\" src=\"https:\/\/minf.gymgmunden.at\/wp-content\/uploads\/2017\/06\/unterlegt-300x76.png\" alt=\"\" width=\"300\" height=\"76\" srcset=\"https:\/\/minf.gymgmunden.at\/wp-content\/uploads\/2017\/06\/unterlegt-300x76.png 300w, https:\/\/minf.gymgmunden.at\/wp-content\/uploads\/2017\/06\/unterlegt.png 343w\" sizes=\"auto, (max-width: 300px) 100vw, 300px\" \/><\/a><\/p>\n<p>&nbsp;<\/p>\n<p>8. \u00dcberg\u00e4nge \u00e4ndern<\/p>\n<p><a href=\"https:\/\/minf.gymgmunden.at\/wp-content\/uploads\/2017\/06\/\u00fcbergang.png\">\u00a0<\/a><a href=\"https:\/\/minf.gymgmunden.at\/wp-content\/uploads\/2017\/06\/auswahl.png\"><img loading=\"lazy\" decoding=\"async\" class=\"alignnone size-full wp-image-605\" src=\"https:\/\/minf.gymgmunden.at\/wp-content\/uploads\/2017\/06\/auswahl.png\" alt=\"\" width=\"220\" height=\"83\" \/><\/a><a href=\"https:\/\/minf.gymgmunden.at\/wp-content\/uploads\/2017\/06\/\u00fcbergang.png\"> <img loading=\"lazy\" decoding=\"async\" class=\"alignnone wp-image-604 size-thumbnail\" src=\"https:\/\/minf.gymgmunden.at\/wp-content\/uploads\/2017\/06\/\u00fcbergang-150x150.png\" alt=\"\" width=\"150\" height=\"150\" \/><\/a><\/p>\n<p>&nbsp;<\/p>\n<p>9. Titel und Titeleffekte einf\u00fcgen<\/p>\n<p><a href=\"https:\/\/minf.gymgmunden.at\/wp-content\/uploads\/2017\/06\/titel.png\">\u00a0<\/a><a href=\"https:\/\/minf.gymgmunden.at\/wp-content\/uploads\/2017\/06\/titel.png\"><img loading=\"lazy\" decoding=\"async\" class=\"alignnone wp-image-607 size-thumbnail\" src=\"https:\/\/minf.gymgmunden.at\/wp-content\/uploads\/2017\/06\/titel-150x150.png\" alt=\"\" width=\"150\" height=\"150\" \/><\/a><a href=\"https:\/\/minf.gymgmunden.at\/wp-content\/uploads\/2017\/06\/effekte.png\">\u00a0 <img loading=\"lazy\" decoding=\"async\" class=\"alignnone size-medium wp-image-610\" src=\"https:\/\/minf.gymgmunden.at\/wp-content\/uploads\/2017\/06\/effekte-300x59.png\" alt=\"\" width=\"300\" height=\"59\" srcset=\"https:\/\/minf.gymgmunden.at\/wp-content\/uploads\/2017\/06\/effekte-300x59.png 300w, https:\/\/minf.gymgmunden.at\/wp-content\/uploads\/2017\/06\/effekte.png 457w\" sizes=\"auto, (max-width: 300px) 100vw, 300px\" \/><\/a><\/p>\n<p>&nbsp;<\/p>\n<p>10. Abspann<\/p>\n<p><a href=\"https:\/\/minf.gymgmunden.at\/wp-content\/uploads\/2017\/06\/abspann.png\"><img loading=\"lazy\" decoding=\"async\" class=\"alignnone size-medium wp-image-612\" src=\"https:\/\/minf.gymgmunden.at\/wp-content\/uploads\/2017\/06\/abspann-300x180.png\" alt=\"\" width=\"300\" height=\"180\" srcset=\"https:\/\/minf.gymgmunden.at\/wp-content\/uploads\/2017\/06\/abspann-300x180.png 300w, https:\/\/minf.gymgmunden.at\/wp-content\/uploads\/2017\/06\/abspann.png 617w\" sizes=\"auto, (max-width: 300px) 100vw, 300px\" \/><\/a><\/p>\n<p>&nbsp;<\/p>\n<p>11. Fertigen Film speichern<\/p>\n<p><a href=\"https:\/\/minf.gymgmunden.at\/wp-content\/uploads\/2017\/06\/film-speichern.png\"><img loading=\"lazy\" decoding=\"async\" class=\"alignnone size-full wp-image-630\" src=\"https:\/\/minf.gymgmunden.at\/wp-content\/uploads\/2017\/06\/film-speichern.png\" alt=\"\" width=\"78\" height=\"88\" \/><\/a><\/p>\n<p>&nbsp;<\/p>\n<p>Quelle: \u00a0alles selbst erarbeitet<\/p>\n","protected":false},"excerpt":{"rendered":"<p>Movie Maker erm\u00f6glicht einen einfachen Videoschnitt. Mit ein paar Tricks schafft man schnell ein h\u00fcbsches Video. &nbsp; MovieMaker herunterladen Download &nbsp; &nbsp; &nbsp; &nbsp; 2. MovieMaker \u00f6ffnen &nbsp; 3. Videos [&hellip;]<\/p>\n","protected":false},"author":1,"featured_media":0,"parent":0,"menu_order":0,"comment_status":"closed","ping_status":"closed","template":"","meta":{"footnotes":""},"class_list":["post-580","page","type-page","status-publish","hentry"],"_links":{"self":[{"href":"https:\/\/minf.gymgmunden.at\/index.php?rest_route=\/wp\/v2\/pages\/580","targetHints":{"allow":["GET"]}}],"collection":[{"href":"https:\/\/minf.gymgmunden.at\/index.php?rest_route=\/wp\/v2\/pages"}],"about":[{"href":"https:\/\/minf.gymgmunden.at\/index.php?rest_route=\/wp\/v2\/types\/page"}],"author":[{"embeddable":true,"href":"https:\/\/minf.gymgmunden.at\/index.php?rest_route=\/wp\/v2\/users\/1"}],"replies":[{"embeddable":true,"href":"https:\/\/minf.gymgmunden.at\/index.php?rest_route=%2Fwp%2Fv2%2Fcomments&post=580"}],"version-history":[{"count":7,"href":"https:\/\/minf.gymgmunden.at\/index.php?rest_route=\/wp\/v2\/pages\/580\/revisions"}],"predecessor-version":[{"id":691,"href":"https:\/\/minf.gymgmunden.at\/index.php?rest_route=\/wp\/v2\/pages\/580\/revisions\/691"}],"wp:attachment":[{"href":"https:\/\/minf.gymgmunden.at\/index.php?rest_route=%2Fwp%2Fv2%2Fmedia&parent=580"}],"curies":[{"name":"wp","href":"https:\/\/api.w.org\/{rel}","templated":true}]}}