{"id":562,"date":"2017-05-29T10:33:29","date_gmt":"2017-05-29T10:33:29","guid":{"rendered":"https:\/\/minf.gymgmunden.at\/?page_id=562"},"modified":"2017-06-28T14:03:32","modified_gmt":"2017-06-28T14:03:32","slug":"abschlusspraesentation","status":"publish","type":"page","link":"https:\/\/minf.gymgmunden.at\/?page_id=562","title":{"rendered":"Abschlusspr\u00e4sentation"},"content":{"rendered":"<p>Zum Abschluss des Schuljahres bereiten die Sch\u00fcler\/innen des WPG Medieninformatik 6. Klasse eine Pr\u00e4sentation zu einem selbst gew\u00e4hlten Medieninformatik nahem Thema vor.<\/p>\n<p>Sie werden dabei die Bewertungskriterien<\/p>\n<ul>\n<li><a href=\"https:\/\/minf.gymgmunden.at\/wp-content\/uploads\/2017\/05\/kriterien.png\"><img loading=\"lazy\" decoding=\"async\" class=\"alignright size-medium wp-image-576\" src=\"https:\/\/minf.gymgmunden.at\/wp-content\/uploads\/2017\/05\/kriterien-300x201.png\" alt=\"\" width=\"300\" height=\"201\" srcset=\"https:\/\/minf.gymgmunden.at\/wp-content\/uploads\/2017\/05\/kriterien-300x201.png 300w, https:\/\/minf.gymgmunden.at\/wp-content\/uploads\/2017\/05\/kriterien-768x515.png 768w, https:\/\/minf.gymgmunden.at\/wp-content\/uploads\/2017\/05\/kriterien-1024x687.png 1024w, https:\/\/minf.gymgmunden.at\/wp-content\/uploads\/2017\/05\/kriterien.png 1100w\" sizes=\"auto, (max-width: 300px) 100vw, 300px\" \/><\/a>Sprachliche Gestaltung<\/li>\n<li>Aufbau des Referates<\/li>\n<li>Sachliche Komplexit\u00e4t<\/li>\n<li>K\u00f6rpersprache<\/li>\n<li>Kontakt mit den Zuh\u00f6rern<\/li>\n<li>Medien und Visualisierung<\/li>\n<li>Infomaterial und Arbeitsteil<\/li>\n<\/ul>\n<p>besonders ber\u00fccksichtigen und die Gestaltung aufnehmen.<\/p>\n<p><strong>Anforderungen<\/strong><\/p>\n<ol>\n<li>L\u00e4nge der Pr\u00e4sentation inklusive Arbeitsteil 10 &#8211; 15 Minuten<\/li>\n<li>Arbeitsteil obligatorisch (wenn nicht f\u00fcr alle, dann f\u00fcr einzelne Sch\u00fcler)<\/li>\n<li>Seite zum Thema auf minf.gymgmunden.at<\/li>\n<\/ol>\n<p><strong>Deine Aufgaben<\/strong><\/p>\n<ol>\n<li>Meldet euch f\u00fcr die Pr\u00e4sentation mit dem folgenden <a href=\"https:\/\/docs.google.com\/forms\/d\/e\/1FAIpQLScg-PwiQs1SSVHZX1eCXj4ABP4t1TBmvLnkZQOrMTUen1yeGA\/viewform?usp=sf_link\">Googleformular <\/a>an.<\/li>\n<li>Entgegennehmen der Anmeldedaten f\u00fcr die Seite minf.gymgmunden.at<\/li>\n<\/ol>\n<p><strong>Die Pr\u00e4sentationen<\/strong><\/p>\n<p>Die Bewertungen der Pr\u00e4sentationen sind nun sichtbar. Klickt nochmal auf den Link zum jeweiligen Googleformular und bekommt einen weiteren Link zum Betrachten eurer Bewertungen eingeblendet.<\/p>\n<p>Viel Vergn\u00fcgen beim Ansehen und herzlichen Dank f\u00fcr eure M\u00fche.<\/p>\n<ol>\n<li><a href=\"https:\/\/minf.gymgmunden.at\/?page_id=584\">Geschichte der Fotographie<\/a>\u00a0(<a href=\"https:\/\/docs.google.com\/forms\/d\/e\/1FAIpQLSeOxhQ8HFoGghZDVVK4oXi-58XN9dEcRxFjpXkSLFPIwu5u6Q\/viewform?usp=sf_link\">S1<\/a>, <a href=\"https:\/\/docs.google.com\/forms\/d\/e\/1FAIpQLScLYlHrIWr3mbgOa9o1UMLJ1kFoo2-VFefOU_qV6_Z5VZeO2A\/viewform?usp=sf_link\">L1<\/a>)<\/li>\n<li><a href=\"https:\/\/minf.gymgmunden.at\/?page_id=592\">Farben<\/a>\u00a0(<a href=\"https:\/\/docs.google.com\/forms\/d\/e\/1FAIpQLSewpZZLIRrz4aD0qUCxT1GxKoHMiWLFU82nYjQT4QTtYtHK3A\/viewform?usp=sf_link\">S2<\/a>, <a href=\"https:\/\/docs.google.com\/forms\/d\/e\/1FAIpQLSeJWq5Gt2cp-DBH-REI5nw5II2QrGmebpQah-fWtYNfDWcZvQ\/viewform?usp=sf_link\">L2<\/a>)<\/li>\n<li><a href=\"https:\/\/minf.gymgmunden.at\/?page_id=589\">Manipulation durch Werbung<\/a>\u00a0(<a href=\"https:\/\/docs.google.com\/forms\/d\/e\/1FAIpQLSeXsD6RYP4NiZ9KT3ctxMdXw9FYIOQxHsZgbzHMBqGqzo4Fdw\/viewform?usp=sf_link\">S3<\/a>, <a href=\"https:\/\/docs.google.com\/forms\/d\/e\/1FAIpQLSfvc1TlXL0YX2ZKVZMexoixCpuuLaql5IV7xPXhPIi7fjVgog\/viewform?usp=sf_link\">L3<\/a>)<\/li>\n<li><a href=\"https:\/\/minf.gymgmunden.at\/?page_id=580\">Movie Maker &#8211; Videos zusammenschneiden<\/a>\u00a0(<a href=\"https:\/\/docs.google.com\/forms\/d\/e\/1FAIpQLSejgeD4aCx3AbTF3eMy_SeCLFP7N7hsniQdt8lZ6M784gx0XA\/viewform?usp=sf_link\">S4<\/a>, <a href=\"https:\/\/docs.google.com\/forms\/d\/e\/1FAIpQLSfAp967PPQhDOt2kIx3Go5ziPkB-LfIE80mcsf9uxm16kQPAQ\/viewform?usp=sf_link\">L4<\/a>)<\/li>\n<li><a href=\"https:\/\/minf.gymgmunden.at\/?page_id=649\">Netflix<\/a>\u00a0(<a href=\"https:\/\/docs.google.com\/forms\/d\/e\/1FAIpQLSc2SC81lctV_1fYnuDHAa2A4Sb3VaoUS-vXI6_Jr8XM7Hp9mQ\/viewform?usp=sf_link\">S5<\/a>, <a href=\"https:\/\/docs.google.com\/forms\/d\/e\/1FAIpQLSex1sUo-wnUwVZjE7z4dnvWiZ08E-CgZDgGpfBkuiDRfiFIuQ\/viewform?usp=sf_link\">L5<\/a>)<\/li>\n<li><a href=\"https:\/\/minf.gymgmunden.at\/?page_id=593\">Fotorealismus <\/a>(<a href=\"https:\/\/docs.google.com\/forms\/d\/e\/1FAIpQLSeZFHo5uCFSdPRnfcEnN8RtW__Xc0l5oZLniArqdxAvK-OY7Q\/viewform?usp=sf_link\">S6<\/a>, <a href=\"https:\/\/docs.google.com\/forms\/d\/e\/1FAIpQLSfcMZa9t0QpeOYrZcZWS8uc4nE64C32GxYtcGK9SZ_Yg4H1vw\/viewform?usp=sf_link\">L6<\/a>)<\/li>\n<li><a href=\"https:\/\/minf.gymgmunden.at\/?page_id=659\">Handyfotos<\/a> (<a href=\"https:\/\/docs.google.com\/forms\/d\/e\/1FAIpQLSeeVccOtmOsz5Ozdm1n92hA6gIdBd0t5HqRJ9bJ2qYhNGUyhQ\/viewform?usp=sf_link\">S7<\/a>, <a href=\"https:\/\/docs.google.com\/forms\/d\/e\/1FAIpQLScigEUDKn6bfqGxhsWUdI4axqh7gz_afuQ30TqZ_REDBul5Gg\/viewform?usp=sf_link\">L7<\/a>)<\/li>\n<li>CGI\u00a0(<a href=\"https:\/\/docs.google.com\/forms\/d\/e\/1FAIpQLSfTL0ImcBlHjUoWXNCjOF3g0yGKv8ehuYeHYOPkoz7UzWJP0g\/viewform?usp=sf_link\">S8<\/a>, <a href=\"https:\/\/docs.google.com\/forms\/d\/e\/1FAIpQLSeL33yN_RJH-Xv5GuWw-P0IneA5RFWhISGikHankmiE0AZY2Q\/viewform?usp=sf_link\">L8<\/a>)<\/li>\n<li>Vali &amp; Tobi\u00a0(<a href=\"https:\/\/docs.google.com\/forms\/d\/e\/1FAIpQLScLYlHrIWr3mbgOa9o1UMLJ1kFoo2-VFefOU_qV6_Z5VZeO2A\/viewform?usp=sf_link\">S9<\/a>,<a href=\"https:\/\/docs.google.com\/forms\/d\/e\/1FAIpQLSdTnnevdTB2gpgrhUbcmjlwXBmIFsKjwZsZg36DWkDazKGIzQ\/viewform?usp=sf_link\">L9<\/a>)<\/li>\n<\/ol>\n","protected":false},"excerpt":{"rendered":"<p>Zum Abschluss des Schuljahres bereiten die Sch\u00fcler\/innen des WPG Medieninformatik 6. Klasse eine Pr\u00e4sentation zu einem selbst gew\u00e4hlten Medieninformatik nahem Thema vor. Sie werden dabei die Bewertungskriterien Sprachliche Gestaltung Aufbau [&hellip;]<\/p>\n","protected":false},"author":6,"featured_media":0,"parent":0,"menu_order":0,"comment_status":"closed","ping_status":"closed","template":"","meta":{"footnotes":""},"class_list":["post-562","page","type-page","status-publish","hentry"],"_links":{"self":[{"href":"https:\/\/minf.gymgmunden.at\/index.php?rest_route=\/wp\/v2\/pages\/562","targetHints":{"allow":["GET"]}}],"collection":[{"href":"https:\/\/minf.gymgmunden.at\/index.php?rest_route=\/wp\/v2\/pages"}],"about":[{"href":"https:\/\/minf.gymgmunden.at\/index.php?rest_route=\/wp\/v2\/types\/page"}],"author":[{"embeddable":true,"href":"https:\/\/minf.gymgmunden.at\/index.php?rest_route=\/wp\/v2\/users\/6"}],"replies":[{"embeddable":true,"href":"https:\/\/minf.gymgmunden.at\/index.php?rest_route=%2Fwp%2Fv2%2Fcomments&post=562"}],"version-history":[{"count":15,"href":"https:\/\/minf.gymgmunden.at\/index.php?rest_route=\/wp\/v2\/pages\/562\/revisions"}],"predecessor-version":[{"id":704,"href":"https:\/\/minf.gymgmunden.at\/index.php?rest_route=\/wp\/v2\/pages\/562\/revisions\/704"}],"wp:attachment":[{"href":"https:\/\/minf.gymgmunden.at\/index.php?rest_route=%2Fwp%2Fv2%2Fmedia&parent=562"}],"curies":[{"name":"wp","href":"https:\/\/api.w.org\/{rel}","templated":true}]}}