{"id":330,"date":"2016-02-08T12:37:08","date_gmt":"2016-02-08T12:37:08","guid":{"rendered":"https:\/\/minf.gymgmunden.at\/?page_id=330"},"modified":"2024-01-23T06:54:47","modified_gmt":"2024-01-23T06:54:47","slug":"grafik-gestaltung-und-design-3","status":"publish","type":"page","link":"https:\/\/minf.gymgmunden.at\/?page_id=330","title":{"rendered":"Grafik, Gestaltung und Design"},"content":{"rendered":"<p>Professionelle Gestaltung und Analyse von Printprodukten, Techniken zur Manipulation und Modifikation von Fotos.<br \/>\nThemen wie Corporate Identity, Datenkompression, Typografie und Schriftformatierung, Wirkung von Farben, Kontrasten und Farmharmonien, Farbsysteme sind dabei wichtiger Bestandteil. Du lernst Programme wie Gimp und Inkscape professionell zu verwenden und ein Grafikprodukt hinsichtlich Schriftgestaltung, Bildaufbau und Farbeinsatz zu erstellen.<\/p>\n<p>Du hast nat\u00fcrlich die Gelegenheit all dein erworbenes theoretisches Wissen im Zuge von kleineren oder gr\u00f6\u00dferen Projekten in die Praxis umzusetzen.<\/p>\n<p><strong>Erfolgeiche Projekte der vergangenen Jahre:<\/strong><\/p>\n<ul>\n<li>Gestaltung des Schulfolders: 6.Klasse, Sj. 2015\/16<\/li>\n<li>Neugestaltung des <a href=\"https:\/\/minf.gymgmunden.at\/?p=1728\">Plakats f\u00fcr den Science-Talk<\/a>: 6.Klassen, Sj. 2019\/20<\/li>\n<li>Erstellung eines neuen <a href=\"https:\/\/minf.gymgmunden.at\/?p=1754\">Logos f\u00fcr den Science Talk<\/a>: 8.Klassen, Sj. 2019\/20<\/li>\n<li>Gestaltung eines <a href=\"https:\/\/minf.gymgmunden.at\/?p=1975\">Logos f\u00fcr einen Sportwissenschaftler und Heilmasseur<\/a> mit Inkscape: 8.Klasse, Sj 2020\/21<\/li>\n<li>Gestaltung des <a href=\"https:\/\/minf.gymgmunden.at\/?p=2165\">ILB-Plakats<\/a>: 8.Klassen, Sj. 2020\/21<\/li>\n<li><a href=\"https:\/\/minf.gymgmunden.at\/?p=2181\">Trinkbecher-Plakat<\/a>: 7.Klassen, Sj. 2021\/22<\/li>\n<li><a href=\"https:\/\/minf.gymgmunden.at\/?p=2228\">Plakat f\u00fcr die Bibliothek<\/a>: 7. Klassen, Sj. 2022\/22<\/li>\n<li><a href=\"https:\/\/minf.gymgmunden.at\/?p=2365\">Plakat gymcompany<\/a>-Auftritte: 6.Klassen, Sj. 2022\/23<\/li>\n<li>Gestaltung der <a href=\"https:\/\/minf.gymgmunden.at\/?p=2461\">Brosch\u00fcre &#8222;Ern\u00e4hrung im Klimawandel&#8220;<\/a>, 2021-2023<\/li>\n<\/ul>\n","protected":false},"excerpt":{"rendered":"<p>Professionelle Gestaltung und Analyse von Printprodukten, Techniken zur Manipulation und Modifikation von Fotos. Themen wie Corporate Identity, Datenkompression, Typografie und Schriftformatierung, Wirkung von Farben, Kontrasten und Farmharmonien, Farbsysteme sind dabei [&hellip;]<\/p>\n","protected":false},"author":3,"featured_media":0,"parent":0,"menu_order":0,"comment_status":"closed","ping_status":"closed","template":"","meta":{"footnotes":""},"class_list":["post-330","page","type-page","status-publish","hentry"],"_links":{"self":[{"href":"https:\/\/minf.gymgmunden.at\/index.php?rest_route=\/wp\/v2\/pages\/330","targetHints":{"allow":["GET"]}}],"collection":[{"href":"https:\/\/minf.gymgmunden.at\/index.php?rest_route=\/wp\/v2\/pages"}],"about":[{"href":"https:\/\/minf.gymgmunden.at\/index.php?rest_route=\/wp\/v2\/types\/page"}],"author":[{"embeddable":true,"href":"https:\/\/minf.gymgmunden.at\/index.php?rest_route=\/wp\/v2\/users\/3"}],"replies":[{"embeddable":true,"href":"https:\/\/minf.gymgmunden.at\/index.php?rest_route=%2Fwp%2Fv2%2Fcomments&post=330"}],"version-history":[{"count":15,"href":"https:\/\/minf.gymgmunden.at\/index.php?rest_route=\/wp\/v2\/pages\/330\/revisions"}],"predecessor-version":[{"id":2514,"href":"https:\/\/minf.gymgmunden.at\/index.php?rest_route=\/wp\/v2\/pages\/330\/revisions\/2514"}],"wp:attachment":[{"href":"https:\/\/minf.gymgmunden.at\/index.php?rest_route=%2Fwp%2Fv2%2Fmedia&parent=330"}],"curies":[{"name":"wp","href":"https:\/\/api.w.org\/{rel}","templated":true}]}}