{"id":322,"date":"2016-02-08T12:19:01","date_gmt":"2016-02-08T12:19:01","guid":{"rendered":"https:\/\/minf.gymgmunden.at\/?page_id=322"},"modified":"2020-12-02T14:09:06","modified_gmt":"2020-12-02T14:09:06","slug":"videoschnitt","status":"publish","type":"page","link":"https:\/\/minf.gymgmunden.at\/?page_id=322","title":{"rendered":"Videoschnitt"},"content":{"rendered":"<p>Perspektiven, Einstellungsgr\u00f6\u00dfen, Codecs, Dateiformate, Bildkomposition, O-Ton, Musikhinterlegung, Schwenks und Zooms.<br \/>\nHard und Softcut, Aufl\u00f6sung, Frame, Rendern, Transitions, Image Overlay und Transforms.<br \/>\n&#8230; diese Begriffe werden dich beim Arbeiten mit Filmen und Schnitt st\u00e4ndig begleiten.<\/p>\n<p>Im Zuge eines Projekts wirst du von der Konzeption \u00fcber die Durchf\u00fchrung, Schnitt und Abschlussarbeiten einen Kurszfilm produzieren und die Dos und Don&#8217;ts beim Filmen und Schneiden praxisnah kennen lernen.<\/p>\n<p>Sch\u00fcler-Wettbewerbe, bei denen wir meistens teilnehmen:<br \/>\n&gt; <a href=\"http:\/\/www.zeitimpuls.at\/news.html\" target=\"_blank\" rel=\"noopener noreferrer\">zeit:impuls<br \/>\n<\/a>&gt; <a href=\"https:\/\/caesarino.at\/landing\/award\/?next=\/\" target=\"_blank\" rel=\"noopener noreferrer\">caesarino<\/a><br \/>\n&gt; Erstellung des Trailers f\u00fcr die Schultheaterauff\u00fchrung &#8222;<a href=\"https:\/\/www.gymgmunden.at\/?p=14601\">Fr\u00fchlingserwachen<\/a>&#8222;, 7.Klassen Sj. 2018\/19<br \/>\n&gt; Erstellung des Trailers f\u00fcr das Musical &#8222;<a href=\"https:\/\/www.gymgmunden.at\/?p=16586\">Das Verm\u00e4chtnis der Piraten<\/a>&#8222;, 7.Klasse Sj. 2019\/20<\/p>\n","protected":false},"excerpt":{"rendered":"<p>Perspektiven, Einstellungsgr\u00f6\u00dfen, Codecs, Dateiformate, Bildkomposition, O-Ton, Musikhinterlegung, Schwenks und Zooms. Hard und Softcut, Aufl\u00f6sung, Frame, Rendern, Transitions, Image Overlay und Transforms. &#8230; diese Begriffe werden dich beim Arbeiten mit Filmen [&hellip;]<\/p>\n","protected":false},"author":3,"featured_media":0,"parent":0,"menu_order":0,"comment_status":"closed","ping_status":"closed","template":"","meta":{"footnotes":""},"class_list":["post-322","page","type-page","status-publish","hentry"],"_links":{"self":[{"href":"https:\/\/minf.gymgmunden.at\/index.php?rest_route=\/wp\/v2\/pages\/322","targetHints":{"allow":["GET"]}}],"collection":[{"href":"https:\/\/minf.gymgmunden.at\/index.php?rest_route=\/wp\/v2\/pages"}],"about":[{"href":"https:\/\/minf.gymgmunden.at\/index.php?rest_route=\/wp\/v2\/types\/page"}],"author":[{"embeddable":true,"href":"https:\/\/minf.gymgmunden.at\/index.php?rest_route=\/wp\/v2\/users\/3"}],"replies":[{"embeddable":true,"href":"https:\/\/minf.gymgmunden.at\/index.php?rest_route=%2Fwp%2Fv2%2Fcomments&post=322"}],"version-history":[{"count":3,"href":"https:\/\/minf.gymgmunden.at\/index.php?rest_route=\/wp\/v2\/pages\/322\/revisions"}],"predecessor-version":[{"id":2014,"href":"https:\/\/minf.gymgmunden.at\/index.php?rest_route=\/wp\/v2\/pages\/322\/revisions\/2014"}],"wp:attachment":[{"href":"https:\/\/minf.gymgmunden.at\/index.php?rest_route=%2Fwp%2Fv2%2Fmedia&parent=322"}],"curies":[{"name":"wp","href":"https:\/\/api.w.org\/{rel}","templated":true}]}}