{"id":299,"date":"2016-01-26T18:50:15","date_gmt":"2016-01-26T18:50:15","guid":{"rendered":"https:\/\/minf.gymgmunden.at\/?page_id=299"},"modified":"2016-01-26T18:50:15","modified_gmt":"2016-01-26T18:50:15","slug":"grafik-gestaltung-und-design","status":"publish","type":"page","link":"https:\/\/minf.gymgmunden.at\/?page_id=299","title":{"rendered":"Grafik, Gestaltung und Design"},"content":{"rendered":"<p>Nachdem die <a title=\"Photoshop: Die Grundfunktionen kennenlernen\" href=\"https:\/\/minf.gymgmunden.at\/?page_id=207\">Grundfunktionen<\/a>, die wichtigsten Tastenk\u00fcrzel (machen das Arbeiten doch gleich viel leichter) und die wichtigsten Grundeinstellungen f\u00fcr ein Dokument gelernt wurden gings auch schon los ans Designen und Gestalten &#8230; denn nur die \u00dcbung macht den Meister!<\/p>\n<p>Unsere ersten Plakate sind entstanden (sie h\u00e4ngen auch in der Schule).<\/p>\n<p>Um ein Profi-Designer zu werden ist ein wenig theoretisches Know-how enorm wichtig! Welche Farben haben welche Wirkung? Was sind CMYK und RGB? Was verwende ich welchen Bilddatentyp? Bildaufl\u00f6sung, Farbtiefe, Komprimierung und Goldener Schnitt &#8230; was steckt hinter diesen Fachbegriffen?<\/p>\n<p>Und nun ist uns eine gro\u00dfe und verantwortungsvolle Aufgabe bertragen worden: die Neugestaltung des Schulfolders. Seid gespannt auf das Ergebnis!<\/p>\n<p>Fachliteratur:<br \/>\n\u201cGrafik und Gestaltung\u201d (W\u00e4ger, 2. Aufl., 2014, Galileo Press)<\/p>\n","protected":false},"excerpt":{"rendered":"<p>Nachdem die Grundfunktionen, die wichtigsten Tastenk\u00fcrzel (machen das Arbeiten doch gleich viel leichter) und die wichtigsten Grundeinstellungen f\u00fcr ein Dokument gelernt wurden gings auch schon los ans Designen und Gestalten [&hellip;]<\/p>\n","protected":false},"author":3,"featured_media":0,"parent":0,"menu_order":0,"comment_status":"closed","ping_status":"closed","template":"","meta":{"footnotes":""},"class_list":["post-299","page","type-page","status-publish","hentry"],"_links":{"self":[{"href":"https:\/\/minf.gymgmunden.at\/index.php?rest_route=\/wp\/v2\/pages\/299","targetHints":{"allow":["GET"]}}],"collection":[{"href":"https:\/\/minf.gymgmunden.at\/index.php?rest_route=\/wp\/v2\/pages"}],"about":[{"href":"https:\/\/minf.gymgmunden.at\/index.php?rest_route=\/wp\/v2\/types\/page"}],"author":[{"embeddable":true,"href":"https:\/\/minf.gymgmunden.at\/index.php?rest_route=\/wp\/v2\/users\/3"}],"replies":[{"embeddable":true,"href":"https:\/\/minf.gymgmunden.at\/index.php?rest_route=%2Fwp%2Fv2%2Fcomments&post=299"}],"version-history":[{"count":2,"href":"https:\/\/minf.gymgmunden.at\/index.php?rest_route=\/wp\/v2\/pages\/299\/revisions"}],"predecessor-version":[{"id":302,"href":"https:\/\/minf.gymgmunden.at\/index.php?rest_route=\/wp\/v2\/pages\/299\/revisions\/302"}],"wp:attachment":[{"href":"https:\/\/minf.gymgmunden.at\/index.php?rest_route=%2Fwp%2Fv2%2Fmedia&parent=299"}],"curies":[{"name":"wp","href":"https:\/\/api.w.org\/{rel}","templated":true}]}}