{"id":25,"date":"2015-01-12T08:52:34","date_gmt":"2015-01-12T08:52:34","guid":{"rendered":"https:\/\/minf.gymgmunden.at\/?page_id=25"},"modified":"2015-02-09T14:36:35","modified_gmt":"2015-02-09T14:36:35","slug":"projekt-werbeclip","status":"publish","type":"page","link":"https:\/\/minf.gymgmunden.at\/?page_id=25","title":{"rendered":"Projekt Werbeclip"},"content":{"rendered":"<p>Zweite Projektarbeit: <strong>Produktion eines Werbeclips<\/strong> zu einem selbst gew\u00e4hlten Thema<\/p>\n<ul>\n<li>eigenst\u00e4ndige \u00dcberlegung eines Themas oder Wahl aus Vorschl\u00e4gen<\/li>\n<li>eigenst\u00e4ndige Durchf\u00fchrung der notwendigen Aufnahmen<\/li>\n<li>Schnitt zu einem Werbeclip (unter Verwendung\/Bedenken bestimmter Merkmale)<\/li>\n<\/ul>\n<p>&nbsp;<\/p>\n<div style=\"width: 480px;\" class=\"wp-video\"><!--[if lt IE 9]><script>document.createElement('video');<\/script><![endif]-->\n<video class=\"wp-video-shortcode\" id=\"video-25-1\" width=\"480\" height=\"320\" preload=\"metadata\" controls=\"controls\"><source type=\"video\/mp4\" src=\"https:\/\/minf.gymgmunden.at\/wp-content\/uploads\/2015\/01\/Christina_x264.mp4?_=1\" \/><a href=\"https:\/\/minf.gymgmunden.at\/wp-content\/uploads\/2015\/01\/Christina_x264.mp4\">https:\/\/minf.gymgmunden.at\/wp-content\/uploads\/2015\/01\/Christina_x264.mp4<\/a><\/video><\/div>\n<p>Werbeclip &#8222;Mustang Shoes&#8220; von Chrisi<\/p>\n<div style=\"width: 480px;\" class=\"wp-video\"><video class=\"wp-video-shortcode\" id=\"video-25-2\" width=\"480\" height=\"320\" preload=\"metadata\" controls=\"controls\"><source type=\"video\/mp4\" src=\"https:\/\/minf.gymgmunden.at\/wp-content\/uploads\/2015\/01\/Theresa_x264.mp4?_=2\" \/><a href=\"https:\/\/minf.gymgmunden.at\/wp-content\/uploads\/2015\/01\/Theresa_x264.mp4\">https:\/\/minf.gymgmunden.at\/wp-content\/uploads\/2015\/01\/Theresa_x264.mp4<\/a><\/video><\/div>\n<p>Werbeclip &#8222;ORF High Definition&#8220; von Theresa<\/p>\n<div style=\"width: 480px;\" class=\"wp-video\"><video class=\"wp-video-shortcode\" id=\"video-25-3\" width=\"480\" height=\"320\" preload=\"metadata\" controls=\"controls\"><source type=\"video\/mp4\" src=\"https:\/\/minf.gymgmunden.at\/wp-content\/uploads\/2015\/01\/Kathi_x264.mp4?_=3\" \/><a href=\"https:\/\/minf.gymgmunden.at\/wp-content\/uploads\/2015\/01\/Kathi_x264.mp4\">https:\/\/minf.gymgmunden.at\/wp-content\/uploads\/2015\/01\/Kathi_x264.mp4<\/a><\/video><\/div>\n<p>Werbeclip &#8222;Gmundner Milch&#8220; von Kathi<\/p>\n","protected":false},"excerpt":{"rendered":"<p>Zweite Projektarbeit: Produktion eines Werbeclips zu einem selbst gew\u00e4hlten Thema eigenst\u00e4ndige \u00dcberlegung eines Themas oder Wahl aus Vorschl\u00e4gen eigenst\u00e4ndige Durchf\u00fchrung der notwendigen Aufnahmen Schnitt zu einem Werbeclip (unter Verwendung\/Bedenken bestimmter [&hellip;]<\/p>\n","protected":false},"author":1,"featured_media":0,"parent":0,"menu_order":0,"comment_status":"closed","ping_status":"closed","template":"","meta":{"footnotes":""},"class_list":["post-25","page","type-page","status-publish","hentry"],"_links":{"self":[{"href":"https:\/\/minf.gymgmunden.at\/index.php?rest_route=\/wp\/v2\/pages\/25","targetHints":{"allow":["GET"]}}],"collection":[{"href":"https:\/\/minf.gymgmunden.at\/index.php?rest_route=\/wp\/v2\/pages"}],"about":[{"href":"https:\/\/minf.gymgmunden.at\/index.php?rest_route=\/wp\/v2\/types\/page"}],"author":[{"embeddable":true,"href":"https:\/\/minf.gymgmunden.at\/index.php?rest_route=\/wp\/v2\/users\/1"}],"replies":[{"embeddable":true,"href":"https:\/\/minf.gymgmunden.at\/index.php?rest_route=%2Fwp%2Fv2%2Fcomments&post=25"}],"version-history":[{"count":4,"href":"https:\/\/minf.gymgmunden.at\/index.php?rest_route=\/wp\/v2\/pages\/25\/revisions"}],"predecessor-version":[{"id":166,"href":"https:\/\/minf.gymgmunden.at\/index.php?rest_route=\/wp\/v2\/pages\/25\/revisions\/166"}],"wp:attachment":[{"href":"https:\/\/minf.gymgmunden.at\/index.php?rest_route=%2Fwp%2Fv2%2Fmedia&parent=25"}],"curies":[{"name":"wp","href":"https:\/\/api.w.org\/{rel}","templated":true}]}}