{"id":207,"date":"2015-11-15T21:13:32","date_gmt":"2015-11-15T21:13:32","guid":{"rendered":"https:\/\/minf.gymgmunden.at\/?page_id=207"},"modified":"2015-11-15T21:23:30","modified_gmt":"2015-11-15T21:23:30","slug":"photoshop-die-grundfunktionen-kennenlernen","status":"publish","type":"page","link":"https:\/\/minf.gymgmunden.at\/?page_id=207","title":{"rendered":"Photoshop: Die Grundfunktionen kennenlernen"},"content":{"rendered":"<ul>\n<li>Welche Werkzeuge stehen zur Verf\u00fcgung?<a href=\"https:\/\/minf.gymgmunden.at\/wp-content\/uploads\/2015\/11\/werkzeugleiste.png\"><img loading=\"lazy\" decoding=\"async\" class=\" size-full wp-image-212 alignright\" src=\"https:\/\/minf.gymgmunden.at\/wp-content\/uploads\/2015\/11\/werkzeugleiste.png\" alt=\"werkzeugleiste\" width=\"58\" height=\"196\" \/><\/a><\/li>\n<li>Wie stelle ich Bilder frei? Wie und wann setze ich die 3 daf\u00fcr vorgesehenen Werzeuge <em>Auswahlrechteck\/ellipse, Lasso, Magnetisches Lasso, Zauberstab<\/em> ein?<\/li>\n<li>Wie erreiche ich Transparenz? Was ist der <em>Alphakanal<\/em> und was hat es mit den <em>Ebenenmasken<\/em> auf sich?<\/li>\n<li>Schrift l\u00e4sst sich wunderbar formatieren. Doch Schriftart, -gr\u00f6\u00dfe und -farbe ist noch nicht alles! Die Ebenenstile sind eine super M\u00f6glichkeit dem Schriftzug Professionalit\u00e4t und Einzigartigkeit zu verleihen.<\/li>\n<li>Die unterschiedlichen Pinselspitzen, die es im Internet zu Hauf <a href=\"https:\/\/minf.gymgmunden.at\/wp-content\/uploads\/2015\/11\/pinselspitzen.png\"><img loading=\"lazy\" decoding=\"async\" class=\"  wp-image-210 alignright\" src=\"https:\/\/minf.gymgmunden.at\/wp-content\/uploads\/2015\/11\/pinselspitzen.png\" alt=\"pinselspitzen\" width=\"113\" height=\"116\" \/><\/a>zum Download gibt, haben es uns angetan &#8230; \ud83d\ude42 Echt super mit diesen zu arbeiten, weil das Design mit einfachen Mitteln aufgepeppt werden kann. Das T\u00fcpfelchen auf dem i \ud83d\ude42<\/li>\n<\/ul>\n","protected":false},"excerpt":{"rendered":"<p>Welche Werkzeuge stehen zur Verf\u00fcgung? Wie stelle ich Bilder frei? Wie und wann setze ich die 3 daf\u00fcr vorgesehenen Werzeuge Auswahlrechteck\/ellipse, Lasso, Magnetisches Lasso, Zauberstab ein? Wie erreiche ich Transparenz? [&hellip;]<\/p>\n","protected":false},"author":3,"featured_media":0,"parent":0,"menu_order":0,"comment_status":"closed","ping_status":"closed","template":"","meta":{"footnotes":""},"class_list":["post-207","page","type-page","status-publish","hentry"],"_links":{"self":[{"href":"https:\/\/minf.gymgmunden.at\/index.php?rest_route=\/wp\/v2\/pages\/207","targetHints":{"allow":["GET"]}}],"collection":[{"href":"https:\/\/minf.gymgmunden.at\/index.php?rest_route=\/wp\/v2\/pages"}],"about":[{"href":"https:\/\/minf.gymgmunden.at\/index.php?rest_route=\/wp\/v2\/types\/page"}],"author":[{"embeddable":true,"href":"https:\/\/minf.gymgmunden.at\/index.php?rest_route=\/wp\/v2\/users\/3"}],"replies":[{"embeddable":true,"href":"https:\/\/minf.gymgmunden.at\/index.php?rest_route=%2Fwp%2Fv2%2Fcomments&post=207"}],"version-history":[{"count":3,"href":"https:\/\/minf.gymgmunden.at\/index.php?rest_route=\/wp\/v2\/pages\/207\/revisions"}],"predecessor-version":[{"id":213,"href":"https:\/\/minf.gymgmunden.at\/index.php?rest_route=\/wp\/v2\/pages\/207\/revisions\/213"}],"wp:attachment":[{"href":"https:\/\/minf.gymgmunden.at\/index.php?rest_route=%2Fwp%2Fv2%2Fmedia&parent=207"}],"curies":[{"name":"wp","href":"https:\/\/api.w.org\/{rel}","templated":true}]}}