{"id":11,"date":"2015-01-11T17:52:41","date_gmt":"2015-01-11T17:52:41","guid":{"rendered":"https:\/\/minf.gymgmunden.at\/?page_id=11"},"modified":"2015-01-11T18:08:00","modified_gmt":"2015-01-11T18:08:00","slug":"8-klasse","status":"publish","type":"page","link":"https:\/\/minf.gymgmunden.at\/?page_id=11","title":{"rendered":"8. Klasse"},"content":{"rendered":"<p><strong>Bildmanipulation<\/strong><\/p>\n<p>Zu Beginn des Semesters erlernten die TeilnehmerInnen anhand der Open-Source Software GIMP grundlegende Kenntnisse im Bereich der Bildmanipulation. Als erstes kleines Projekt stilisierten die Sch\u00fclerInnen Selbstportraits, reduzierten die graphische Information desselbigen auf ein Minimum, sodass diese minimalistischen Selbstportraits an die Wand geworfen mit kurzer Zeit auf Plakat gepaust werden konnten.<\/p>\n<p><strong>Konzeption und Erstellung einer Wandausstellung<\/strong><\/p>\n<p>Als Fortsetzungsprojekt aufbauend auf diesen Kenntnissen begannen die Sch\u00fclerInnen, den EDV-Saal 2 im Keller des BG BRG Gmunden neu zu gestalten. Ziel ist die Erstellung einer Wand-Ausstellung \u00fcber einen Abriss der Geschichte der Informatik. Anfangs wurde Farbe in den Saal gebracht. Daraufhin besch\u00e4ftigten sich die TeilnehmerInnen mit Icons von bekannten Applikationen wie SnapChat, WhatsApp, Chrome etc. Zw\u00f6lf dieser stilisierten und auf ein Minimum an Information reduzierten Symbole wurden auf Decken-Elemente \u00fcbertragen.<\/p>\n<p><strong>Fotographie\/DTP<\/strong><\/p>\n<p>Als Intermezzo in der Erstellung der Ausstellung nehmen auch die Sch\u00fclerInnen dieser WPG-Gruppe an den drei Workshops mit Hrn. Kochem (<a title=\"Webseite von Fotograph Hr. Kochem\" href=\"www.kochem.at\" target=\"_blank\">www.kochem.at<\/a>) teil. Ein Gesp\u00fcr f\u00fcr das &#8222;perfekte Bild&#8220; entwicklen ist ebenso gefordert f\u00fcr das Erstellen einer Ausstellung wie der Workshop-Teil \u00fcber Desktop Publishing.<\/p>\n","protected":false},"excerpt":{"rendered":"<p>Bildmanipulation Zu Beginn des Semesters erlernten die TeilnehmerInnen anhand der Open-Source Software GIMP grundlegende Kenntnisse im Bereich der Bildmanipulation. Als erstes kleines Projekt stilisierten die Sch\u00fclerInnen Selbstportraits, reduzierten die graphische [&hellip;]<\/p>\n","protected":false},"author":1,"featured_media":0,"parent":0,"menu_order":0,"comment_status":"closed","ping_status":"closed","template":"","meta":{"footnotes":""},"class_list":["post-11","page","type-page","status-publish","hentry"],"_links":{"self":[{"href":"https:\/\/minf.gymgmunden.at\/index.php?rest_route=\/wp\/v2\/pages\/11","targetHints":{"allow":["GET"]}}],"collection":[{"href":"https:\/\/minf.gymgmunden.at\/index.php?rest_route=\/wp\/v2\/pages"}],"about":[{"href":"https:\/\/minf.gymgmunden.at\/index.php?rest_route=\/wp\/v2\/types\/page"}],"author":[{"embeddable":true,"href":"https:\/\/minf.gymgmunden.at\/index.php?rest_route=\/wp\/v2\/users\/1"}],"replies":[{"embeddable":true,"href":"https:\/\/minf.gymgmunden.at\/index.php?rest_route=%2Fwp%2Fv2%2Fcomments&post=11"}],"version-history":[{"count":1,"href":"https:\/\/minf.gymgmunden.at\/index.php?rest_route=\/wp\/v2\/pages\/11\/revisions"}],"predecessor-version":[{"id":12,"href":"https:\/\/minf.gymgmunden.at\/index.php?rest_route=\/wp\/v2\/pages\/11\/revisions\/12"}],"wp:attachment":[{"href":"https:\/\/minf.gymgmunden.at\/index.php?rest_route=%2Fwp%2Fv2%2Fmedia&parent=11"}],"curies":[{"name":"wp","href":"https:\/\/api.w.org\/{rel}","templated":true}]}}